{"id":17,"date":"2016-02-17T20:23:54","date_gmt":"2016-02-17T20:23:54","guid":{"rendered":"http:\/\/localhost:85\/dimotec\/?page_id=17"},"modified":"2020-06-29T17:51:34","modified_gmt":"2020-06-29T20:51:34","slug":"quienes-somos","status":"publish","type":"page","link":"https:\/\/dimotec.com.ar\/?page_id=17","title":{"rendered":"Qui\u00e9nes somos"},"content":{"rendered":"","protected":false},"excerpt":{"rendered":"","protected":false},"author":1,"featured_media":0,"parent":7,"menu_order":11,"comment_status":"closed","ping_status":"closed","template":"page-templates\/quienes-somos.php","meta":{"_joinchat":[],"footnotes":""},"class_list":["post-17","page","type-page","status-publish","hentry"],"yoast_head":"<!-- This site is optimized with the Yoast SEO plugin v24.7 - https:\/\/yoast.com\/wordpress\/plugins\/seo\/ -->\n<title>Qui\u00e9nes Somos - DIMOTEC<\/title>\n<meta name=\"description\" content=\"Conozca nuestra Visi\u00f3n, Misi\u00f3n y Valores. 30 a\u00f1os de experiencia en el rubro nos avalan.\" \/>\n<meta name=\"robots\" content=\"index, follow, max-snippet:-1, max-image-preview:large, max-video-preview:-1\" \/>\n<link rel=\"canonical\" href=\"https:\/\/dimotec.com.ar\/?page_id=17\" \/>\n<meta property=\"og:locale\" content=\"es_ES\" \/>\n<meta property=\"og:type\" content=\"article\" \/>\n<meta property=\"og:title\" content=\"Qui\u00e9nes Somos - DIMOTEC\" \/>\n<meta property=\"og:description\" content=\"Conozca nuestra Visi\u00f3n, Misi\u00f3n y Valores. 30 a\u00f1os de experiencia en el rubro nos avalan.\" \/>\n<meta property=\"og:url\" content=\"https:\/\/dimotec.com.ar\/?page_id=17\" \/>\n<meta property=\"og:site_name\" content=\"DIMOTEC\" \/>\n<meta property=\"article:modified_time\" content=\"2020-06-29T20:51:34+00:00\" \/>\n<meta name=\"twitter:card\" content=\"summary_large_image\" \/>\n<script type=\"application\/ld+json\" class=\"yoast-schema-graph\">{\"@context\":\"https:\/\/schema.org\",\"@graph\":[{\"@type\":\"WebPage\",\"@id\":\"https:\/\/dimotec.com.ar\/?page_id=17\",\"url\":\"https:\/\/dimotec.com.ar\/?page_id=17\",\"name\":\"Qui\u00e9nes Somos - DIMOTEC\",\"isPartOf\":{\"@id\":\"https:\/\/dimotec.com.ar\/#website\"},\"datePublished\":\"2016-02-17T20:23:54+00:00\",\"dateModified\":\"2020-06-29T20:51:34+00:00\",\"description\":\"Conozca nuestra Visi\u00f3n, Misi\u00f3n y Valores. 30 a\u00f1os de experiencia en el rubro nos avalan.\",\"breadcrumb\":{\"@id\":\"https:\/\/dimotec.com.ar\/?page_id=17#breadcrumb\"},\"inLanguage\":\"es\",\"potentialAction\":[{\"@type\":\"ReadAction\",\"target\":[\"https:\/\/dimotec.com.ar\/?page_id=17\"]}]},{\"@type\":\"BreadcrumbList\",\"@id\":\"https:\/\/dimotec.com.ar\/?page_id=17#breadcrumb\",\"itemListElement\":[{\"@type\":\"ListItem\",\"position\":1,\"name\":\"Portada\",\"item\":\"https:\/\/dimotec.com.ar\/\"},{\"@type\":\"ListItem\",\"position\":2,\"name\":\"Institucional\",\"item\":\"https:\/\/dimotec.com.ar\/?page_id=7\"},{\"@type\":\"ListItem\",\"position\":3,\"name\":\"Qui\u00e9nes somos\"}]},{\"@type\":\"WebSite\",\"@id\":\"https:\/\/dimotec.com.ar\/#website\",\"url\":\"https:\/\/dimotec.com.ar\/\",\"name\":\"DIMOTEC\",\"description\":\"Especialistas en productos para la industria\",\"potentialAction\":[{\"@type\":\"SearchAction\",\"target\":{\"@type\":\"EntryPoint\",\"urlTemplate\":\"https:\/\/dimotec.com.ar\/?s={search_term_string}\"},\"query-input\":{\"@type\":\"PropertyValueSpecification\",\"valueRequired\":true,\"valueName\":\"search_term_string\"}}],\"inLanguage\":\"es\"}]}<\/script>\n<!-- \/ Yoast SEO plugin. -->","yoast_head_json":{"title":"Qui\u00e9nes Somos - DIMOTEC","description":"Conozca nuestra Visi\u00f3n, Misi\u00f3n y Valores. 30 a\u00f1os de experiencia en el rubro nos avalan.","robots":{"index":"index","follow":"follow","max-snippet":"max-snippet:-1","max-image-preview":"max-image-preview:large","max-video-preview":"max-video-preview:-1"},"canonical":"https:\/\/dimotec.com.ar\/?page_id=17","og_locale":"es_ES","og_type":"article","og_title":"Qui\u00e9nes Somos - DIMOTEC","og_description":"Conozca nuestra Visi\u00f3n, Misi\u00f3n y Valores. 30 a\u00f1os de experiencia en el rubro nos avalan.","og_url":"https:\/\/dimotec.com.ar\/?page_id=17","og_site_name":"DIMOTEC","article_modified_time":"2020-06-29T20:51:34+00:00","twitter_card":"summary_large_image","schema":{"@context":"https:\/\/schema.org","@graph":[{"@type":"WebPage","@id":"https:\/\/dimotec.com.ar\/?page_id=17","url":"https:\/\/dimotec.com.ar\/?page_id=17","name":"Qui\u00e9nes Somos - DIMOTEC","isPartOf":{"@id":"https:\/\/dimotec.com.ar\/#website"},"datePublished":"2016-02-17T20:23:54+00:00","dateModified":"2020-06-29T20:51:34+00:00","description":"Conozca nuestra Visi\u00f3n, Misi\u00f3n y Valores. 30 a\u00f1os de experiencia en el rubro nos avalan.","breadcrumb":{"@id":"https:\/\/dimotec.com.ar\/?page_id=17#breadcrumb"},"inLanguage":"es","potentialAction":[{"@type":"ReadAction","target":["https:\/\/dimotec.com.ar\/?page_id=17"]}]},{"@type":"BreadcrumbList","@id":"https:\/\/dimotec.com.ar\/?page_id=17#breadcrumb","itemListElement":[{"@type":"ListItem","position":1,"name":"Portada","item":"https:\/\/dimotec.com.ar\/"},{"@type":"ListItem","position":2,"name":"Institucional","item":"https:\/\/dimotec.com.ar\/?page_id=7"},{"@type":"ListItem","position":3,"name":"Qui\u00e9nes somos"}]},{"@type":"WebSite","@id":"https:\/\/dimotec.com.ar\/#website","url":"https:\/\/dimotec.com.ar\/","name":"DIMOTEC","description":"Especialistas en productos para la industria","potentialAction":[{"@type":"SearchAction","target":{"@type":"EntryPoint","urlTemplate":"https:\/\/dimotec.com.ar\/?s={search_term_string}"},"query-input":{"@type":"PropertyValueSpecification","valueRequired":true,"valueName":"search_term_string"}}],"inLanguage":"es"}]}},"_links":{"self":[{"href":"https:\/\/dimotec.com.ar\/index.php?rest_route=\/wp\/v2\/pages\/17","targetHints":{"allow":["GET"]}}],"collection":[{"href":"https:\/\/dimotec.com.ar\/index.php?rest_route=\/wp\/v2\/pages"}],"about":[{"href":"https:\/\/dimotec.com.ar\/index.php?rest_route=\/wp\/v2\/types\/page"}],"author":[{"embeddable":true,"href":"https:\/\/dimotec.com.ar\/index.php?rest_route=\/wp\/v2\/users\/1"}],"replies":[{"embeddable":true,"href":"https:\/\/dimotec.com.ar\/index.php?rest_route=%2Fwp%2Fv2%2Fcomments&post=17"}],"version-history":[{"count":3,"href":"https:\/\/dimotec.com.ar\/index.php?rest_route=\/wp\/v2\/pages\/17\/revisions"}],"predecessor-version":[{"id":1442,"href":"https:\/\/dimotec.com.ar\/index.php?rest_route=\/wp\/v2\/pages\/17\/revisions\/1442"}],"up":[{"embeddable":true,"href":"https:\/\/dimotec.com.ar\/index.php?rest_route=\/wp\/v2\/pages\/7"}],"wp:attachment":[{"href":"https:\/\/dimotec.com.ar\/index.php?rest_route=%2Fwp%2Fv2%2Fmedia&parent=17"}],"curies":[{"name":"wp","href":"https:\/\/api.w.org\/{rel}","templated":true}]}}